{"id":33,"date":"2020-11-21T03:12:08","date_gmt":"2020-11-21T03:12:08","guid":{"rendered":"https:\/\/canoe.moxiworks.com\/leading\/contact-us"},"modified":"2021-03-05T01:54:47","modified_gmt":"2021-03-05T06:54:47","slug":"contact-us","status":"publish","type":"page","link":"https:\/\/leadingsells.ca\/fr-ca\/contact-us","title":{"rendered":"CONTACTEZ-NOUS"},"content":{"rendered":"\r\n<h1>Contactez-nous<\/h1>\r\n<h1>Contactez-nous<\/h1>\r\n<h2>LA DIFF\u00c9RENCE C21<\/h2>\r\n<p>&nbsp;<\/p>\r\n<p>C&#8217;est en\u00a01976 \u00e0 Richmond, en Colombie-Britannique, que nous avons fait notre entr\u00e9e dans le monde de l&#8217;immobilier en tant qu&#8217;une entreprise familiale au service d&#8217;un r\u00e9seau d&#8217;entreprises familiales.\u00a0 Depuis lors, CENTURY\u00a021<sup>MD<\/sup> est devenue l&#8217;une des premi\u00e8res soci\u00e9t\u00e9s immobili\u00e8res dans le monde. Nous sommes une organisation nationale avec une port\u00e9e mondiale. Fiers de notre tradition canadienne, nous comptons 400\u00a0agences et plus de 10\u00a0000\u00a0membres r\u00e9partis dans 272\u00a0villes \u00e0 l&#8217;\u00e9chelle du pays. Notre R\u00e9seau mondial, qui se compose de 147\u00a0000\u00a0membres et 12\u00a0600\u00a0agences dans 84\u00a0pays, forme l&#8217;une des plus importantes organisations immobili\u00e8res sur la plan\u00e8te.<\/p>\r\n<h4>\u00a0<\/h4>\r\n<h4><strong>Notre vision:\u00a0<\/strong>\u00catre la marque immobili\u00e8re la plus pris\u00e9e du monde.<\/h4>\r\n<h4>\u00a0<\/h4>\r\n<h4><strong>Notre mission:\u00a0<\/strong>Viser l&#8217;or en offrant le meilleur service du secteur immobilier canadien.<\/h4>\r\n<p>&nbsp;<\/p>\r\n<p>Nous n&#8217;\u00e9pargnons aucun effort pour transformer les r\u00eaves de nos clients en r\u00e9alit\u00e9. L&#8217;immobilier nous passionne\u00a0&#8211; nous adorons notre travail! Les courtiers immobiliers de CENTURY\u00a021<sup>MD<\/sup> vous offrent un service de la plus haute qualit\u00e9, en alliant leurs connaissances exceptionnelles du march\u00e9 immobilier local \u00e0 la puissance de la marque CENTURY\u00a021.<\/p>\r\n<p>Nous en faisons un peu plus \u00e0 chaque \u00e9tape du processus. C&#8217;est l&#8217;immobilier \u00e0 la fa\u00e7on C21. N&#8217;h\u00e9sitez pas \u00e0 communiquer avec nous si vous avez des questions au sujet du march\u00e9 immobilier ou de nos services. Au plaisir de travailler avec vous!<\/p>\r\n<h2>Contactez-nous<\/h2>\r\n","protected":false},"excerpt":{"rendered":"<p>Contactez-nous Contactez-nous LA DIFF\u00c9RENCE C21 &nbsp; C&#8217;est en\u00a01976 \u00e0 Richmond, en Colombie-Britannique, que nous avons fait notre entr\u00e9e dans le monde de l&#8217;immobilier en tant qu&#8217;une entreprise familiale au service d&#8217;un r\u00e9seau d&#8217;entreprises familiales.\u00a0 Depuis lors, CENTURY\u00a021MD est devenue l&#8217;une des premi\u00e8res soci\u00e9t\u00e9s immobili\u00e8res dans le monde. Nous sommes une organisation nationale avec une port\u00e9e [&hellip;]<\/p>\n","protected":false},"author":2,"featured_media":1820,"parent":0,"menu_order":0,"comment_status":"closed","ping_status":"closed","template":"","meta":{"footnotes":""},"class_list":["post-33","page","type-page","status-publish","has-post-thumbnail","hentry"],"_links":{"self":[{"href":"https:\/\/leadingsells.ca\/fr-ca\/wp-json\/wp\/v2\/pages\/33","targetHints":{"allow":["GET"]}}],"collection":[{"href":"https:\/\/leadingsells.ca\/fr-ca\/wp-json\/wp\/v2\/pages"}],"about":[{"href":"https:\/\/leadingsells.ca\/fr-ca\/wp-json\/wp\/v2\/types\/page"}],"author":[{"embeddable":true,"href":"https:\/\/leadingsells.ca\/fr-ca\/wp-json\/wp\/v2\/users\/2"}],"replies":[{"embeddable":true,"href":"https:\/\/leadingsells.ca\/fr-ca\/wp-json\/wp\/v2\/comments?post=33"}],"version-history":[{"count":1,"href":"https:\/\/leadingsells.ca\/fr-ca\/wp-json\/wp\/v2\/pages\/33\/revisions"}],"predecessor-version":[{"id":42,"href":"https:\/\/leadingsells.ca\/fr-ca\/wp-json\/wp\/v2\/pages\/33\/revisions\/42"}],"wp:featuredmedia":[{"embeddable":true,"href":"https:\/\/leadingsells.ca\/fr-ca\/wp-json\/"}],"wp:attachment":[{"href":"https:\/\/leadingsells.ca\/fr-ca\/wp-json\/wp\/v2\/media?parent=33"}],"curies":[{"name":"wp","href":"https:\/\/api.w.org\/{rel}","templated":true}]}}